{"id":697,"date":"2020-04-16T12:51:37","date_gmt":"2020-04-16T12:51:37","guid":{"rendered":"http:\/\/imtec-moldes.com\/imtec-internationalization\/"},"modified":"2020-04-16T12:51:37","modified_gmt":"2020-04-16T12:51:37","slug":"imtec-internationalization","status":"publish","type":"page","link":"https:\/\/imtec-moldes.com\/en\/imtec-internationalization\/","title":{"rendered":"IMTEC Internationalization"},"content":{"rendered":"<p>[et_pb_section fb_built=&#8221;1&#8243; _builder_version=&#8221;3.0.47&#8243;][et_pb_row _builder_version=&#8221;3.0.97&#8243;][et_pb_column type=&#8221;4_4&#8243; _builder_version=&#8221;3.0.47&#8243; parallax=&#8221;off&#8221; parallax_method=&#8221;on&#8221;][et_pb_text _builder_version=&#8221;3.0.106&#8243; text_font=&#8221;NeoSans Bold||||||||&#8221; text_font_size=&#8221;30px&#8221; text_text_color=&#8221;#a82b38&#8243; text_orientation=&#8221;center&#8221;]IMTEC Internacionaliza\u00e7\u00e3o<br \/>\n[\/et_pb_text][\/et_pb_column][\/et_pb_row][et_pb_row _builder_version=&#8221;3.0.47&#8243; background_size=&#8221;initial&#8221; background_position=&#8221;top_left&#8221; background_repeat=&#8221;repeat&#8221;][et_pb_column type=&#8221;1_4&#8243; _builder_version=&#8221;3.0.47&#8243; parallax=&#8221;off&#8221; parallax_method=&#8221;on&#8221;][\/et_pb_column][et_pb_column type=&#8221;1_2&#8243; _builder_version=&#8221;3.0.47&#8243; parallax=&#8221;off&#8221; parallax_method=&#8221;on&#8221;][et_pb_image src=&#8221;https:\/\/imtec-moldes.com\/wp-content\/uploads\/2018\/01\/POCentro_PT2020_FEDER_Bom.jpg&#8221; _builder_version=&#8221;3.0.97&#8243;][\/et_pb_image][\/et_pb_column][et_pb_column type=&#8221;1_4&#8243; _builder_version=&#8221;3.0.47&#8243; parallax=&#8221;off&#8221; parallax_method=&#8221;on&#8221;][\/et_pb_column][\/et_pb_row][et_pb_row _builder_version=&#8221;3.0.97&#8243;][et_pb_column type=&#8221;4_4&#8243; _builder_version=&#8221;3.0.47&#8243; parallax=&#8221;off&#8221; parallax_method=&#8221;on&#8221;][et_pb_text _builder_version=&#8221;3.0.106&#8243; max_width=&#8221;75%&#8221; module_alignment=&#8221;center&#8221; text_orientation=&#8221;justified&#8221; text_font=&#8221;||||||||&#8221; max_width_last_edited=&#8221;on|desktop&#8221;]<strong>Designa\u00e7\u00e3o do projeto |<\/strong> IMTEC INTERNACIONALIZA\u00c7\u00c3O<br \/>\n<strong>C\u00f3digo do projeto |<\/strong> CENTRO \u2013 02 \u2013 0752 \u2013 FEDER \u2013 001631<br \/>\n<strong>Objetivo principal |<\/strong> Refor\u00e7o da competitividade das pequenas e m\u00e9dias empresas<br \/>\n<strong>Regi\u00e3o de interven\u00e7\u00e3o |<\/strong> Centro<br \/>\n<strong>Entidade benefici\u00e1ria |<\/strong> IMTEC &#8211; Ind\u00fastria moldes t\u00e9cnicos, Lda.<\/p>\n<p><strong>Data de aprova\u00e7\u00e3o |<\/strong> 11-11-2015<br \/>\n<strong>Data de in\u00edcio |<\/strong> 01-09-2015<br \/>\n<strong>Data de conclus\u00e3o |<\/strong> 31-08-2018<br \/>\n<strong>Custo total eleg\u00edvel |<\/strong> 434.800,00 EUR<br \/>\n<strong>Apoio financeiro da Uni\u00e3o Europeia |<\/strong><br \/>\nFEDER \u2013 195.660,00 EUR<\/p>\n<p><strong>Objetivos, atividades e resultados esperados\/atingidos:<\/strong><\/p>\n<p>1 &#8211; Implementar m\u00e9todos de controlo de produ\u00e7\u00e3o inovadores e significativamente melhorados, atrav\u00e9s de investimentos em novos equipamentos, no desenvolvimento de novas t\u00e9cnicas de controlo do processo de fabrico e utiliza\u00e7\u00e3o de novos softwares, aumentando o contributo para a cadeia de valor com o objetivo de aumentar significativamente o Volume de Neg\u00f3cios;<\/p>\n<p>2 &#8211; Refor\u00e7ar a capacita\u00e7\u00e3o empresarial atrav\u00e9s do desenvolvimento de novos modelos empresariais e m\u00e9todos de organiza\u00e7\u00e3o nas pr\u00e1ticas comerciais e nas rela\u00e7\u00f5es externas, por meio da cria\u00e7\u00e3o de um departamento de internacionaliza\u00e7\u00e3o;<\/p>\n<p>3 &#8211; Incrementar a sua capacidade de internacionaliza\u00e7\u00e3o atrav\u00e9s de a\u00e7\u00f5es de prospe\u00e7\u00e3o e participa\u00e7\u00e3o em feiras que possibilitem um maior conhecimento do mercado externo, promovendo o aumento das exporta\u00e7\u00f5es e o seu reconhecimento internacional;<\/p>\n<p>4 &#8211; Apostar na inova\u00e7\u00e3o organizacional, aplicando novos m\u00e9todos e processos organizacionais, por meio da implementa\u00e7\u00e3o e certifica\u00e7\u00e3o de Sistemas de Gest\u00e3o da Qualidade;<\/p>\n<p>5 &#8211; Incrementar a competitividade, flexibilidade e a capacidade de resposta da IMTEC no mercado global, por meio da contrata\u00e7\u00e3o de recursos humanos altamente qualificados.<\/p>\n<p>6 &#8211; Valorizar os Recursos Humanos atrav\u00e9s da implementa\u00e7\u00e3o de projetos espec\u00edficos de forma\u00e7\u00e3o-a\u00e7\u00e3o tendo em vista o desenvolvimento de:<\/p>\n<ul>\n<li>Novas t\u00e9cnicas de controlo de qualidade e refor\u00e7o das compet\u00eancias individuais;<\/li>\n<li>Novas pr\u00e1ticas comerciais;<\/li>\n<li>Implementa\u00e7\u00e3o de Sistemas de Gest\u00e3o da Qualidade.<\/li>\n<\/ul>\n<p>7 &#8211; Contribuir para a sustentabilidade do desenvolvimento regional, atrav\u00e9s de pr\u00e1ticas de efici\u00eancia energ\u00e9tica e ambientais.<br \/>\n[\/et_pb_text][\/et_pb_column][\/et_pb_row][\/et_pb_section][et_pb_section fb_built=&#8221;1&#8243; background_color=&#8221;#000000&#8243; _builder_version=&#8221;3.0.97&#8243; custom_padding=&#8221;29px|0px|20px|0px&#8221; global_module=&#8221;228&#8243;][et_pb_row make_fullwidth=&#8221;on&#8221; use_custom_gutter=&#8221;on&#8221; gutter_width=&#8221;2&#8243; custom_padding=&#8221;0px|0px|28.5px|0px&#8221; _builder_version=&#8221;3.0.97&#8243;][et_pb_column type=&#8221;1_4&#8243; _builder_version=&#8221;3.0.47&#8243; parallax=&#8221;off&#8221; parallax_method=&#8221;on&#8221;][\/et_pb_column][et_pb_column type=&#8221;1_4&#8243; _builder_version=&#8221;3.0.47&#8243; parallax=&#8221;off&#8221; parallax_method=&#8221;on&#8221;][\/et_pb_column][et_pb_column type=&#8221;1_4&#8243; _builder_version=&#8221;3.0.47&#8243; parallax=&#8221;off&#8221; parallax_method=&#8221;on&#8221;][et_pb_image src=&#8221;https:\/\/imtec-moldes.com\/wp-content\/uploads\/2018\/01\/POCentro_PT2020_FEDER_Branco_Bom.png&#8221; url=&#8221;https:\/\/imtec-moldes.com\/en\/imtec-internationalization\/&#8221; _builder_version=&#8221;3.0.97&#8243;][\/et_pb_image][\/et_pb_column][et_pb_column type=&#8221;1_4&#8243; _builder_version=&#8221;3.0.47&#8243; parallax=&#8221;off&#8221; parallax_method=&#8221;on&#8221;][et_pb_image src=&#8221;https:\/\/imtec-moldes.com\/wp-content\/uploads\/2018\/01\/compete2020_branco_alpha.png&#8221; url=&#8221;https:\/\/imtec-moldes.com\/en\/imtec-innovation\/&#8221; _builder_version=&#8221;3.0.97&#8243;][\/et_pb_image][\/et_pb_column][\/et_pb_row][\/et_pb_section]<\/p>\n","protected":false},"excerpt":{"rendered":"<p>IMTEC Internacionaliza\u00e7\u00e3o Designa\u00e7\u00e3o do projeto | IMTEC INTERNACIONALIZA\u00c7\u00c3O C\u00f3digo do projeto | CENTRO \u2013 02 \u2013 0752 \u2013 FEDER \u2013 001631 Objetivo principal | Refor\u00e7o da competitividade das pequenas e m\u00e9dias empresas Regi\u00e3o de interven\u00e7\u00e3o | Centro Entidade benefici\u00e1ria | IMTEC &#8211; Ind\u00fastria moldes t\u00e9cnicos, Lda. Data de aprova\u00e7\u00e3o | 11-11-2015 Data de in\u00edcio | [&hellip;]<\/p>\n","protected":false},"author":1,"featured_media":0,"parent":0,"menu_order":0,"comment_status":"closed","ping_status":"closed","template":"","meta":{"_et_pb_use_builder":"on","_et_pb_old_content":"","_et_gb_content_width":""},"_links":{"self":[{"href":"https:\/\/imtec-moldes.com\/en\/wp-json\/wp\/v2\/pages\/697\/"}],"collection":[{"href":"https:\/\/imtec-moldes.com\/en\/wp-json\/wp\/v2\/pages\/"}],"about":[{"href":"https:\/\/imtec-moldes.com\/en\/wp-json\/wp\/v2\/types\/page\/"}],"author":[{"embeddable":true,"href":"https:\/\/imtec-moldes.com\/en\/wp-json\/wp\/v2\/users\/1\/"}],"replies":[{"embeddable":true,"href":"https:\/\/imtec-moldes.com\/en\/wp-json\/wp\/v2\/comments\/?post=697"}],"version-history":[{"count":2,"href":"https:\/\/imtec-moldes.com\/en\/wp-json\/wp\/v2\/pages\/697\/revisions\/"}],"predecessor-version":[{"id":699,"href":"https:\/\/imtec-moldes.com\/en\/wp-json\/wp\/v2\/pages\/697\/revisions\/699\/"}],"wp:attachment":[{"href":"https:\/\/imtec-moldes.com\/en\/wp-json\/wp\/v2\/media\/?parent=697"}],"curies":[{"name":"wp","href":"https:\/\/api.w.org\/{rel}","templated":true}]}}