{"id":674,"date":"2020-04-16T12:24:52","date_gmt":"2020-04-16T12:24:52","guid":{"rendered":"http:\/\/imtec-moldes.com\/equipment\/"},"modified":"2024-08-13T10:58:40","modified_gmt":"2024-08-13T10:58:40","slug":"equipment","status":"publish","type":"page","link":"https:\/\/imtec-moldes.com\/en\/equipment\/","title":{"rendered":"Equipment"},"content":{"rendered":"<p>[et_pb_section fb_built=&#8221;1&#8243; fullwidth=&#8221;on&#8221; next_background_color=&#8221;#ffffff&#8221; _builder_version=&#8221;3.22&#8243; background_color=&#8221;#0c71c3&#8243; use_background_color_gradient=&#8221;on&#8221; background_image=&#8221;https:\/\/imtec-moldes.com\/wp-content\/uploads\/2018\/04\/fundo-04-pb.jpg&#8221; background_blend=&#8221;multiply&#8221; custom_padding=&#8221;|||&#8221; filter_saturate=&#8221;150%&#8221; bottom_divider_style=&#8221;mountains2&#8243; bottom_divider_height=&#8221;200px&#8221; bottom_divider_flip=&#8221;horizontal&#8221; global_colors_info=&#8221;{}&#8221;][et_pb_fullwidth_header title=&#8221; Equipment&#8221; _builder_version=&#8221;3.16&#8243; title_font=&#8221;NeoSans Regular|||on|||||&#8221; title_text_align=&#8221;right&#8221; title_font_size=&#8221;50px&#8221; background_color=&#8221;rgba(255, 255, 255, 0)&#8221; custom_margin=&#8221;||-50px|&#8221; custom_padding=&#8221;130px||130px|&#8221; global_colors_info=&#8221;{}&#8221; button_one_text_size__hover_enabled=&#8221;off&#8221; button_two_text_size__hover_enabled=&#8221;off&#8221; button_one_text_color__hover_enabled=&#8221;off&#8221; button_two_text_color__hover_enabled=&#8221;off&#8221; button_one_border_width__hover_enabled=&#8221;off&#8221; button_two_border_width__hover_enabled=&#8221;off&#8221; button_one_border_color__hover_enabled=&#8221;off&#8221; button_two_border_color__hover_enabled=&#8221;off&#8221; button_one_border_radius__hover_enabled=&#8221;off&#8221; button_two_border_radius__hover_enabled=&#8221;off&#8221; button_one_letter_spacing__hover_enabled=&#8221;off&#8221; button_two_letter_spacing__hover_enabled=&#8221;off&#8221; button_one_bg_color__hover_enabled=&#8221;off&#8221; button_two_bg_color__hover_enabled=&#8221;off&#8221;]&nbsp;<br \/>\n[\/et_pb_fullwidth_header][\/et_pb_section][et_pb_section fb_built=&#8221;1&#8243; _builder_version=&#8221;3.22&#8243; custom_padding=&#8221;20px|0px|64px|0px&#8221; top_divider_color=&#8221;#a82b38&#8243; top_divider_flip=&#8221;vertical&#8221; global_colors_info=&#8221;{}&#8221;][et_pb_row use_custom_gutter=&#8221;on&#8221; gutter_width=&#8221;2&#8243; _builder_version=&#8221;3.25&#8243; background_size=&#8221;initial&#8221; background_position=&#8221;top_left&#8221; background_repeat=&#8221;repeat&#8221; animation_style=&#8221;slide&#8221; animation_direction=&#8221;top&#8221; animation_duration=&#8221;900ms&#8221; animation_intensity_slide=&#8221;15%&#8221; global_colors_info=&#8221;{}&#8221;][et_pb_column type=&#8221;4_4&#8243; _builder_version=&#8221;3.25&#8243; custom_padding=&#8221;|||&#8221; global_colors_info=&#8221;{}&#8221; custom_padding__hover=&#8221;|||&#8221;][et_pb_gallery gallery_ids=&#8221;146,130,152,148&#8243; gallery_captions=&#8221;,,,&#8221; show_title_and_caption=&#8221;off&#8221; zoom_icon_color=&#8221;#ffffff&#8221; hover_overlay_color=&#8221;rgba(168,43,56,0.75)&#8221; hover_icon=&#8221;&#x54;||divi||400&#8243; _builder_version=&#8221;4.13.0&#8243; title_level=&#8221;h4&#8243; title_font=&#8221;NeoSans Regular|600|||||||&#8221; title_font_size=&#8221;14px&#8221; module_alignment=&#8221;center&#8221; pagination_font_size_tablet=&#8221;51&#8243; pagination_line_height_tablet=&#8221;2&#8243; global_colors_info=&#8221;{}&#8221;]&nbsp;<br \/>\n[\/et_pb_gallery][\/et_pb_column][\/et_pb_row][et_pb_row use_custom_gutter=&#8221;on&#8221; gutter_width=&#8221;2&#8243; _builder_version=&#8221;3.25&#8243; background_size=&#8221;initial&#8221; background_position=&#8221;top_left&#8221; background_repeat=&#8221;repeat&#8221; animation_style=&#8221;slide&#8221; animation_direction=&#8221;top&#8221; animation_duration=&#8221;900ms&#8221; animation_intensity_slide=&#8221;15%&#8221; global_colors_info=&#8221;{}&#8221;][et_pb_column type=&#8221;4_4&#8243; _builder_version=&#8221;3.25&#8243; custom_padding=&#8221;|||&#8221; global_colors_info=&#8221;{}&#8221; custom_padding__hover=&#8221;|||&#8221;][et_pb_cta title=&#8221;Equipment\u2019s list&#8221; button_url=&#8221;https:\/\/imtec-moldes.com\/wp-content\/uploads\/2018\/06\/List-of-equipments-IMTEC.pdf&#8221; url_new_window=&#8221;on&#8221; button_text=&#8221;Consult list&#8221; _builder_version=&#8221;3.16&#8243; header_font=&#8221;NeoSans Bold||||||||&#8221; body_font=&#8221;NeoSans Regular||||||||&#8221; body_font_size=&#8221;16px&#8221; use_background_color=&#8221;off&#8221; custom_button=&#8221;on&#8221; button_text_size=&#8221;18px&#8221; button_text_color=&#8221;#ffffff&#8221; button_bg_color=&#8221;#a82b38&#8243; button_border_width=&#8221;0px&#8221; button_border_color=&#8221;rgba(0,0,0,0)&#8221; button_border_radius=&#8221;0px&#8221; button_font=&#8221;NeoSans Medium||||||||&#8221; button_use_icon=&#8221;off&#8221; button_alignment=&#8221;center&#8221; background_layout=&#8221;light&#8221; module_alignment=&#8221;center&#8221; button_text_color_hover=&#8221;#a82b38&#8243; button_border_radius_hover=&#8221;0px&#8221; button_bg_color_hover=&#8221;rgba(255,255,255,0.22)&#8221; global_colors_info=&#8221;{}&#8221; button_text_size__hover_enabled=&#8221;off&#8221; button_one_text_size__hover_enabled=&#8221;off&#8221; button_two_text_size__hover_enabled=&#8221;off&#8221; button_text_color__hover_enabled=&#8221;on&#8221; button_text_color__hover=&#8221;#a82b38&#8243; button_one_text_color__hover_enabled=&#8221;off&#8221; button_two_text_color__hover_enabled=&#8221;off&#8221; button_border_width__hover_enabled=&#8221;off&#8221; button_one_border_width__hover_enabled=&#8221;off&#8221; button_two_border_width__hover_enabled=&#8221;off&#8221; button_border_color__hover_enabled=&#8221;off&#8221; button_one_border_color__hover_enabled=&#8221;off&#8221; button_two_border_color__hover_enabled=&#8221;off&#8221; button_border_radius__hover_enabled=&#8221;on&#8221; button_border_radius__hover=&#8221;0px&#8221; button_one_border_radius__hover_enabled=&#8221;off&#8221; button_two_border_radius__hover_enabled=&#8221;off&#8221; button_letter_spacing__hover_enabled=&#8221;off&#8221; button_one_letter_spacing__hover_enabled=&#8221;off&#8221; button_two_letter_spacing__hover_enabled=&#8221;off&#8221; button_bg_color__hover_enabled=&#8221;on&#8221; button_bg_color__hover=&#8221;rgba(255,255,255,0.22)&#8221; button_one_bg_color__hover_enabled=&#8221;off&#8221; button_two_bg_color__hover_enabled=&#8221;off&#8221;]Visualize our equipment \u2018s list<br \/>\n[\/et_pb_cta][\/et_pb_column][\/et_pb_row][et_pb_row column_structure=&#8221;1_2,1_2&#8243; use_custom_gutter=&#8221;on&#8221; gutter_width=&#8221;2&#8243; disabled_on=&#8221;on|on|on&#8221; _builder_version=&#8221;3.25&#8243; width=&#8221;50%&#8221; max_width=&#8221;50%&#8221; module_alignment=&#8221;center&#8221; use_custom_width=&#8221;on&#8221; width_unit=&#8221;off&#8221; custom_width_percent=&#8221;50%&#8221; disabled=&#8221;on&#8221; global_colors_info=&#8221;{}&#8221;][et_pb_column type=&#8221;1_2&#8243; _builder_version=&#8221;3.25&#8243; custom_padding=&#8221;|||&#8221; global_colors_info=&#8221;{}&#8221; custom_padding__hover=&#8221;|||&#8221;][et_pb_text _builder_version=&#8221;3.27.4&#8243; text_font=&#8221;NeoSans Regular||||||||&#8221; ul_font=&#8221;||||||||&#8221; ol_font=&#8221;||||||||&#8221; header_font=&#8221;||||||||&#8221; global_colors_info=&#8221;{}&#8221;]<span style=\"color: #a82b38;\"><strong>CENTRO MAQUINA\u00c7\u00c3O<\/strong><\/span><\/p>\n<ul>\n<li>centro maquina\u00e7\u00e3o BRIDGEPORT VMC 1000\/22 (3x)<\/li>\n<li>centro maquina\u00e7\u00e3o CHEVALIER VMC 3060<\/li>\n<li>centro maquina\u00e7\u00e3o EUMACH V32<\/li>\n<li>centro maquina\u00e7\u00e3o JOHNFORD SV45<\/li>\n<li>centro maquina\u00e7\u00e3o JOHNFORD VMC850<\/li>\n<li>centro maquina\u00e7\u00e3o KAO MING KMC2000SD<\/li>\n<li>centro maquina\u00e7\u00e3o LAGUN 1200\/1700<\/li>\n<li>centro maquina\u00e7\u00e3o LEADWELL MOD.V60<\/li>\n<li>centro maquina\u00e7\u00e3o MAZAK 1000\/600<\/li>\n<li>centro maquina\u00e7\u00e3o MORI SEIKI SV40<\/li>\n<li>centro maquina\u00e7\u00e3o PERFECTJET<\/li>\n<li>centro maquina\u00e7\u00e3o AWEA &#8211; AF1000<\/li>\n<li>centro maquina\u00e7\u00e3o CORREA<\/li>\n<li>centro de maquina\u00e7\u00e3o MORI SEIKIMV-650<\/li>\n<li>centro de maquina\u00e7\u00e3o AWEA VP2012-B11005<\/li>\n<li>centro de maquina\u00e7\u00e3o DECKEL MAHO DMU80P<\/li>\n<li>centro de maquina\u00e7\u00e3o PERFECT JET MCV-M10<\/li>\n<li>centro de maquina\u00e7\u00e3o BRIDGEPORT DT480P3<\/li>\n<li>centro de maquina\u00e7\u00e3o portico AWEA 3016BT50<\/li>\n<\/ul>\n<p>&nbsp;<\/p>\n<p><span style=\"color: #a82b38;\"><strong>ELETRO EROS\u00c3O<\/strong><\/span><\/p>\n<ul>\n<li>eletro-eros\u00e3o AGIE MONDO STAR 50<\/li>\n<li>eletro-eros\u00e3o AGIETRON COMPACT AGIE<\/li>\n<li>eletro-eros\u00e3o CHARMILLES ROBOFIL 310<\/li>\n<li>eletro-eros\u00e3o CHARMILLES ROBOFORM 200<\/li>\n<li>eletro-eros\u00e3o GITTEN<\/li>\n<li>eletro-eros\u00e3o ISM EB 808N<\/li>\n<li>eletro-eros\u00e3o JITEN<\/li>\n<li>eletro-eros\u00e3o JSEDM<\/li>\n<li>eletro-eros\u00e3o AGIETRON INTEGRAL 2<\/li>\n<li>eletro-eros\u00e3o AGIETRON COMPACT 3<\/li>\n<li>eletro-eros\u00e3o por penetra\u00e7\u00e3o MAX SEE CNC P207+E150<\/li>\n<li>eletro-eros\u00e3o de corte por fio SODICK SL400QSPW<\/li>\n<li>microperfura\u00e7\u00e3o para eletroeros\u00e3o MAX SEE DZNCS26<\/li>\n<\/ul>\n<p>[\/et_pb_text][\/et_pb_column][et_pb_column type=&#8221;1_2&#8243; _builder_version=&#8221;3.25&#8243; custom_padding=&#8221;|||&#8221; global_colors_info=&#8221;{}&#8221; custom_padding__hover=&#8221;|||&#8221;][et_pb_text _builder_version=&#8221;3.27.4&#8243; text_font=&#8221;NeoSans Regular||||||||&#8221; ul_font=&#8221;||||||||&#8221; global_colors_info=&#8221;{}&#8221;]<span style=\"color: #a82b38;\"><strong>FREZADORA<\/strong><\/span><\/p>\n<ul>\n<li>frezadora CNC PARPAS<\/li>\n<li>frezadora vertical LAGUN MOD.FTV-2 (2x)<\/li>\n<li>frezadora convencional KONDIA F.V.1<\/li>\n<li>frezadora convencional WERNER FK 22<\/li>\n<li>frezadora JUARISTI<\/li>\n<li>frezadora MICROSTR<\/li>\n<\/ul>\n<p>&nbsp;<\/p>\n<p><span style=\"color: #a82b38;\"><strong>FURADORA<\/strong><\/span><\/p>\n<ul>\n<li>furadora WOTAN<\/li>\n<li>furadora\u00a0 IBARMIA<\/li>\n<li>furadora RADIAL FM MOD.FRD-1700H<\/li>\n<li>furadora MICROSTR203040<\/li>\n<\/ul>\n<p>&nbsp;<\/p>\n<p><span style=\"color: #a82b38;\"><strong>PRENSA DE AJUSTAR MOLDES<\/strong><\/span><\/p>\n<ul>\n<li>prensa de ajustar moldes MILLUTENSIL<\/li>\n<li>prensa de ajustar moldes MILLUTENSIL MIL-143 (250 TON.)<\/li>\n<\/ul>\n<p>&nbsp;<\/p>\n<p><span style=\"color: #a82b38;\"><strong>PONTE ROLANTE<\/strong><\/span><\/p>\n<ul>\n<li>ponte rolante 2 TONELADAS (4x)<\/li>\n<li>ponte rolante 3,2 TONELADAS<\/li>\n<li>ponte rolante 5 TONELADAS<\/li>\n<li>ponte rolante 16 TONELADAS<\/li>\n<\/ul>\n<p>&nbsp;<\/p>\n<p><span style=\"color: #a82b38;\"><strong>RETIFICADORA<\/strong><\/span><\/p>\n<ul>\n<li>retificadora ABBA<\/li>\n<li>retificadora GER RS 65\/60<\/li>\n<li>retificadora HIDRO PRECIS<\/li>\n<li>retificadora KENT KG 61650<\/li>\n<li>retificadora OKAMOTO 350<\/li>\n<li>retificadora KENT &#8211; KGS-715WM1<\/li>\n<li>retificadora CHEVALIER MOD.FSG-618M\u00a0(2x)<\/li>\n<li>retificadora JOERLIN MOD.JL 818<\/li>\n<\/ul>\n<p>&nbsp;<\/p>\n<p><span style=\"color: #a82b38;\"><strong>OUTROS<\/strong><\/span><\/p>\n<ul>\n<li>torno UNIVERSAL TOS<\/li>\n<li>bra\u00e7o port\u00e1til de medi\u00e7\u00e3o FARO MODELO GAGE 6 EIXOS<\/li>\n<li>m\u00e1quina de medi\u00e7\u00e3o 3D ABERLINK<\/li>\n<\/ul>\n<p>[\/et_pb_text][\/et_pb_column][\/et_pb_row][\/et_pb_section][et_pb_section fb_built=&#8221;1&#8243; _builder_version=&#8221;3.22&#8243; background_color=&#8221;#000000&#8243; custom_padding=&#8221;29px|0px|20px|0px&#8221; global_colors_info=&#8221;{}&#8221;][et_pb_row column_structure=&#8221;1_4,1_4,1_4,1_4&#8243; use_custom_gutter=&#8221;on&#8221; gutter_width=&#8221;2&#8243; module_class=&#8221; et_pb_row_fullwidth&#8221; _builder_version=&#8221;3.25&#8243; width=&#8221;94%&#8221; width_tablet=&#8221;80%&#8221; width_phone=&#8221;80%&#8221; width_last_edited=&#8221;on|desktop&#8221; max_width=&#8221;94%&#8221; max_width_tablet=&#8221;80%&#8221; max_width_phone=&#8221;80%&#8221; max_width_last_edited=&#8221;on|desktop&#8221; custom_padding=&#8221;0px|0px|28.5px|0px&#8221; make_fullwidth=&#8221;on&#8221; global_colors_info=&#8221;{}&#8221;][et_pb_column type=&#8221;1_4&#8243; _builder_version=&#8221;3.25&#8243; custom_padding=&#8221;|||&#8221; global_colors_info=&#8221;{}&#8221; custom_padding__hover=&#8221;|||&#8221;][\/et_pb_column][et_pb_column type=&#8221;1_4&#8243; _builder_version=&#8221;3.25&#8243; custom_padding=&#8221;|||&#8221; global_colors_info=&#8221;{}&#8221; custom_padding__hover=&#8221;|||&#8221;][\/et_pb_column][et_pb_column type=&#8221;1_4&#8243; _builder_version=&#8221;3.25&#8243; custom_padding=&#8221;|||&#8221; global_colors_info=&#8221;{}&#8221; custom_padding__hover=&#8221;|||&#8221;][et_pb_image src=&#8221;https:\/\/imtec-moldes.com\/wp-content\/uploads\/2018\/01\/POCentro_PT2020_FEDER_Branco_Bom.png&#8221; url=&#8221;https:\/\/imtec-moldes.com\/wp-content\/uploads\/2021\/04\/Ficha-de-projeto_1631-INT.pdf&#8221; url_new_window=&#8221;on&#8221; align_tablet=&#8221;center&#8221; align_phone=&#8221;center&#8221; align_last_edited=&#8221;on|desktop&#8221; _builder_version=&#8221;4.13.0&#8243; global_colors_info=&#8221;{}&#8221;][\/et_pb_image][\/et_pb_column][et_pb_column type=&#8221;1_4&#8243; _builder_version=&#8221;3.25&#8243; custom_padding=&#8221;|||&#8221; global_colors_info=&#8221;{}&#8221; custom_padding__hover=&#8221;|||&#8221;][et_pb_image src=&#8221;https:\/\/imtec-moldes.com\/wp-content\/uploads\/2022\/01\/barra-feder-negativo-2-1.png&#8221; title_text=&#8221;barra-feder-negativo-2&#8243; url=&#8221;http:\/\/imtec-moldes.com\/wp-content\/uploads\/2024\/08\/Ficha-de-projeto_17318-INOV-Atualizada.pdf&#8221; url_new_window=&#8221;on&#8221; align_tablet=&#8221;center&#8221; align_phone=&#8221;center&#8221; align_last_edited=&#8221;on|desktop&#8221; admin_label=&#8221;Logos Compete 2020&#8243; _builder_version=&#8221;4.13.0&#8243; hover_enabled=&#8221;0&#8243; global_colors_info=&#8221;{}&#8221; sticky_enabled=&#8221;0&#8243; global_module=&#8221;1130&#8243; saved_tabs=&#8221;all&#8221; locked=&#8221;off&#8221;][\/et_pb_image][\/et_pb_column][\/et_pb_row][\/et_pb_section]<\/p>\n","protected":false},"excerpt":{"rendered":"<p>&nbsp; &nbsp; Visualize our equipment \u2018s list CENTRO MAQUINA\u00c7\u00c3O centro maquina\u00e7\u00e3o BRIDGEPORT VMC 1000\/22 (3x) centro maquina\u00e7\u00e3o CHEVALIER VMC 3060 centro maquina\u00e7\u00e3o EUMACH V32 centro maquina\u00e7\u00e3o JOHNFORD SV45 centro maquina\u00e7\u00e3o JOHNFORD VMC850 centro maquina\u00e7\u00e3o KAO MING KMC2000SD centro maquina\u00e7\u00e3o LAGUN 1200\/1700 centro maquina\u00e7\u00e3o LEADWELL MOD.V60 centro maquina\u00e7\u00e3o MAZAK 1000\/600 centro maquina\u00e7\u00e3o MORI SEIKI SV40 centro [&hellip;]<\/p>\n","protected":false},"author":1,"featured_media":0,"parent":0,"menu_order":0,"comment_status":"closed","ping_status":"closed","template":"","meta":{"_et_pb_use_builder":"on","_et_pb_old_content":"","_et_gb_content_width":""},"_links":{"self":[{"href":"https:\/\/imtec-moldes.com\/en\/wp-json\/wp\/v2\/pages\/674\/"}],"collection":[{"href":"https:\/\/imtec-moldes.com\/en\/wp-json\/wp\/v2\/pages\/"}],"about":[{"href":"https:\/\/imtec-moldes.com\/en\/wp-json\/wp\/v2\/types\/page\/"}],"author":[{"embeddable":true,"href":"https:\/\/imtec-moldes.com\/en\/wp-json\/wp\/v2\/users\/1\/"}],"replies":[{"embeddable":true,"href":"https:\/\/imtec-moldes.com\/en\/wp-json\/wp\/v2\/comments\/?post=674"}],"version-history":[{"count":3,"href":"https:\/\/imtec-moldes.com\/en\/wp-json\/wp\/v2\/pages\/674\/revisions\/"}],"predecessor-version":[{"id":1133,"href":"https:\/\/imtec-moldes.com\/en\/wp-json\/wp\/v2\/pages\/674\/revisions\/1133\/"}],"wp:attachment":[{"href":"https:\/\/imtec-moldes.com\/en\/wp-json\/wp\/v2\/media\/?parent=674"}],"curies":[{"name":"wp","href":"https:\/\/api.w.org\/{rel}","templated":true}]}}