{"id":644,"date":"2020-02-13T17:17:45","date_gmt":"2020-02-13T17:17:45","guid":{"rendered":"http:\/\/imtec-moldes.com\/maschinen\/"},"modified":"2024-08-13T15:51:17","modified_gmt":"2024-08-13T15:51:17","slug":"maschinen","status":"publish","type":"page","link":"https:\/\/imtec-moldes.com\/de\/maschinen\/","title":{"rendered":"Maschinen"},"content":{"rendered":"<p>[et_pb_section fb_built=&#8220;1&#8243; fullwidth=&#8220;on&#8220; next_background_color=&#8220;#ffffff&#8220; _builder_version=&#8220;3.22&#8243; background_color=&#8220;#0c71c3&#8243; use_background_color_gradient=&#8220;on&#8220; background_image=&#8220;https:\/\/imtec-moldes.com\/wp-content\/uploads\/2018\/04\/fundo-04-pb.jpg&#8220; background_blend=&#8220;multiply&#8220; custom_padding=&#8220;|||&#8220; filter_saturate=&#8220;150%&#8220; bottom_divider_style=&#8220;mountains2&#8243; bottom_divider_height=&#8220;200px&#8220; bottom_divider_flip=&#8220;horizontal&#8220; global_colors_info=&#8220;{}&#8220;][et_pb_fullwidth_header title=&#8220;Maschinen&#8220; _builder_version=&#8220;3.16&#8243; title_font=&#8220;NeoSans Regular|||on|||||&#8220; title_text_align=&#8220;right&#8220; title_font_size=&#8220;50px&#8220; background_color=&#8220;rgba(255, 255, 255, 0)&#8220; custom_margin=&#8220;||-50px|&#8220; custom_padding=&#8220;130px||130px|&#8220; global_colors_info=&#8220;{}&#8220; button_one_text_size__hover_enabled=&#8220;off&#8220; button_two_text_size__hover_enabled=&#8220;off&#8220; button_one_text_color__hover_enabled=&#8220;off&#8220; button_two_text_color__hover_enabled=&#8220;off&#8220; button_one_border_width__hover_enabled=&#8220;off&#8220; button_two_border_width__hover_enabled=&#8220;off&#8220; button_one_border_color__hover_enabled=&#8220;off&#8220; button_two_border_color__hover_enabled=&#8220;off&#8220; button_one_border_radius__hover_enabled=&#8220;off&#8220; button_two_border_radius__hover_enabled=&#8220;off&#8220; button_one_letter_spacing__hover_enabled=&#8220;off&#8220; button_two_letter_spacing__hover_enabled=&#8220;off&#8220; button_one_bg_color__hover_enabled=&#8220;off&#8220; button_two_bg_color__hover_enabled=&#8220;off&#8220;]&nbsp;<br \/>\n[\/et_pb_fullwidth_header][\/et_pb_section][et_pb_section fb_built=&#8220;1&#8243; _builder_version=&#8220;3.22&#8243; custom_padding=&#8220;20px|0px|64px|0px&#8220; top_divider_color=&#8220;#a82b38&#8243; top_divider_flip=&#8220;vertical&#8220; global_colors_info=&#8220;{}&#8220;][et_pb_row use_custom_gutter=&#8220;on&#8220; gutter_width=&#8220;2&#8243; _builder_version=&#8220;3.25&#8243; background_size=&#8220;initial&#8220; background_position=&#8220;top_left&#8220; background_repeat=&#8220;repeat&#8220; animation_style=&#8220;slide&#8220; animation_direction=&#8220;top&#8220; animation_duration=&#8220;900ms&#8220; animation_intensity_slide=&#8220;15%&#8220; global_colors_info=&#8220;{}&#8220;][et_pb_column type=&#8220;4_4&#8243; _builder_version=&#8220;3.25&#8243; custom_padding=&#8220;|||&#8220; global_colors_info=&#8220;{}&#8220; custom_padding__hover=&#8220;|||&#8220;][et_pb_gallery gallery_ids=&#8220;146,130,152,148&#8243; gallery_captions=&#8220;,,,&#8220; show_title_and_caption=&#8220;off&#8220; zoom_icon_color=&#8220;#ffffff&#8220; hover_overlay_color=&#8220;rgba(168,43,56,0.75)&#8220; hover_icon=&#8220;&#x54;||divi||400&#8243; _builder_version=&#8220;4.13.0&#8243; title_level=&#8220;h4&#8243; title_font=&#8220;NeoSans Regular|600|||||||&#8220; title_font_size=&#8220;14px&#8220; module_alignment=&#8220;center&#8220; pagination_font_size_tablet=&#8220;51&#8243; pagination_line_height_tablet=&#8220;2&#8243; global_colors_info=&#8220;{}&#8220;]&nbsp;<br \/>\n[\/et_pb_gallery][\/et_pb_column][\/et_pb_row][et_pb_row use_custom_gutter=&#8220;on&#8220; gutter_width=&#8220;2&#8243; _builder_version=&#8220;3.25&#8243; background_size=&#8220;initial&#8220; background_position=&#8220;top_left&#8220; background_repeat=&#8220;repeat&#8220; animation_style=&#8220;slide&#8220; animation_direction=&#8220;top&#8220; animation_duration=&#8220;900ms&#8220; animation_intensity_slide=&#8220;15%&#8220; global_colors_info=&#8220;{}&#8220;][et_pb_column type=&#8220;4_4&#8243; _builder_version=&#8220;3.25&#8243; custom_padding=&#8220;|||&#8220; global_colors_info=&#8220;{}&#8220; custom_padding__hover=&#8220;|||&#8220;][et_pb_cta title=&#8220;Maschinenpark&#8220; button_url=&#8220;https:\/\/imtec-moldes.com\/wp-content\/uploads\/2018\/06\/List-of-equipments-IMTEC.pdf&#8220; url_new_window=&#8220;on&#8220; button_text=&#8220;Siehe Maschinenpark&#8220; _builder_version=&#8220;3.16&#8243; header_font=&#8220;NeoSans Bold||||||||&#8220; body_font=&#8220;NeoSans Regular||||||||&#8220; body_font_size=&#8220;16px&#8220; use_background_color=&#8220;off&#8220; custom_button=&#8220;on&#8220; button_text_size=&#8220;18px&#8220; button_text_color=&#8220;#ffffff&#8220; button_bg_color=&#8220;#a82b38&#8243; button_border_width=&#8220;0px&#8220; button_border_color=&#8220;rgba(0,0,0,0)&#8220; button_border_radius=&#8220;0px&#8220; button_font=&#8220;NeoSans Medium||||||||&#8220; button_use_icon=&#8220;off&#8220; button_alignment=&#8220;center&#8220; background_layout=&#8220;light&#8220; module_alignment=&#8220;center&#8220; button_text_color_hover=&#8220;#a82b38&#8243; button_border_radius_hover=&#8220;0px&#8220; button_bg_color_hover=&#8220;rgba(255,255,255,0.22)&#8220; global_colors_info=&#8220;{}&#8220; button_text_size__hover_enabled=&#8220;off&#8220; button_one_text_size__hover_enabled=&#8220;off&#8220; button_two_text_size__hover_enabled=&#8220;off&#8220; button_text_color__hover_enabled=&#8220;on&#8220; button_text_color__hover=&#8220;#a82b38&#8243; button_one_text_color__hover_enabled=&#8220;off&#8220; button_two_text_color__hover_enabled=&#8220;off&#8220; button_border_width__hover_enabled=&#8220;off&#8220; button_one_border_width__hover_enabled=&#8220;off&#8220; button_two_border_width__hover_enabled=&#8220;off&#8220; button_border_color__hover_enabled=&#8220;off&#8220; button_one_border_color__hover_enabled=&#8220;off&#8220; button_two_border_color__hover_enabled=&#8220;off&#8220; button_border_radius__hover_enabled=&#8220;on&#8220; button_border_radius__hover=&#8220;0px&#8220; button_one_border_radius__hover_enabled=&#8220;off&#8220; button_two_border_radius__hover_enabled=&#8220;off&#8220; button_letter_spacing__hover_enabled=&#8220;off&#8220; button_one_letter_spacing__hover_enabled=&#8220;off&#8220; button_two_letter_spacing__hover_enabled=&#8220;off&#8220; button_bg_color__hover_enabled=&#8220;on&#8220; button_bg_color__hover=&#8220;rgba(255,255,255,0.22)&#8220; button_one_bg_color__hover_enabled=&#8220;off&#8220; button_two_bg_color__hover_enabled=&#8220;off&#8220;]Bitte dr\u00fccken Sie die Taste um unsere Maschinenpark anzuschauen<br \/>\n[\/et_pb_cta][\/et_pb_column][\/et_pb_row][et_pb_row column_structure=&#8220;1_2,1_2&#8243; use_custom_gutter=&#8220;on&#8220; gutter_width=&#8220;2&#8243; disabled_on=&#8220;on|on|on&#8220; _builder_version=&#8220;3.25&#8243; width=&#8220;50%&#8220; max_width=&#8220;50%&#8220; module_alignment=&#8220;center&#8220; use_custom_width=&#8220;on&#8220; width_unit=&#8220;off&#8220; custom_width_percent=&#8220;50%&#8220; disabled=&#8220;on&#8220; global_colors_info=&#8220;{}&#8220;][et_pb_column type=&#8220;1_2&#8243; _builder_version=&#8220;3.25&#8243; custom_padding=&#8220;|||&#8220; global_colors_info=&#8220;{}&#8220; custom_padding__hover=&#8220;|||&#8220;][et_pb_text _builder_version=&#8220;3.27.4&#8243; text_font=&#8220;NeoSans Regular||||||||&#8220; ul_font=&#8220;||||||||&#8220; ol_font=&#8220;||||||||&#8220; header_font=&#8220;||||||||&#8220; global_colors_info=&#8220;{}&#8220;]<span style=\"color: #a82b38;\"><strong>CENTRO MAQUINA\u00c7\u00c3O<\/strong><\/span><\/p>\n<ul>\n<li>centro maquina\u00e7\u00e3o BRIDGEPORT VMC 1000\/22 (3x)<\/li>\n<li>centro maquina\u00e7\u00e3o CHEVALIER VMC 3060<\/li>\n<li>centro maquina\u00e7\u00e3o EUMACH V32<\/li>\n<li>centro maquina\u00e7\u00e3o JOHNFORD SV45<\/li>\n<li>centro maquina\u00e7\u00e3o JOHNFORD VMC850<\/li>\n<li>centro maquina\u00e7\u00e3o KAO MING KMC2000SD<\/li>\n<li>centro maquina\u00e7\u00e3o LAGUN 1200\/1700<\/li>\n<li>centro maquina\u00e7\u00e3o LEADWELL MOD.V60<\/li>\n<li>centro maquina\u00e7\u00e3o MAZAK 1000\/600<\/li>\n<li>centro maquina\u00e7\u00e3o MORI SEIKI SV40<\/li>\n<li>centro maquina\u00e7\u00e3o PERFECTJET<\/li>\n<li>centro maquina\u00e7\u00e3o AWEA &#8211; AF1000<\/li>\n<li>centro maquina\u00e7\u00e3o CORREA<\/li>\n<li>centro de maquina\u00e7\u00e3o MORI SEIKIMV-650<\/li>\n<li>centro de maquina\u00e7\u00e3o AWEA VP2012-B11005<\/li>\n<li>centro de maquina\u00e7\u00e3o DECKEL MAHO DMU80P<\/li>\n<li>centro de maquina\u00e7\u00e3o PERFECT JET MCV-M10<\/li>\n<li>centro de maquina\u00e7\u00e3o BRIDGEPORT DT480P3<\/li>\n<li>centro de maquina\u00e7\u00e3o portico AWEA 3016BT50<\/li>\n<\/ul>\n<p>&nbsp;<\/p>\n<p><span style=\"color: #a82b38;\"><strong>ELETRO EROS\u00c3O<\/strong><\/span><\/p>\n<ul>\n<li>eletro-eros\u00e3o AGIE MONDO STAR 50<\/li>\n<li>eletro-eros\u00e3o AGIETRON COMPACT AGIE<\/li>\n<li>eletro-eros\u00e3o CHARMILLES ROBOFIL 310<\/li>\n<li>eletro-eros\u00e3o CHARMILLES ROBOFORM 200<\/li>\n<li>eletro-eros\u00e3o GITTEN<\/li>\n<li>eletro-eros\u00e3o ISM EB 808N<\/li>\n<li>eletro-eros\u00e3o JITEN<\/li>\n<li>eletro-eros\u00e3o JSEDM<\/li>\n<li>eletro-eros\u00e3o AGIETRON INTEGRAL 2<\/li>\n<li>eletro-eros\u00e3o AGIETRON COMPACT 3<\/li>\n<li>eletro-eros\u00e3o por penetra\u00e7\u00e3o MAX SEE CNC P207+E150<\/li>\n<li>eletro-eros\u00e3o de corte por fio SODICK SL400QSPW<\/li>\n<li>microperfura\u00e7\u00e3o para eletroeros\u00e3o MAX SEE DZNCS26<\/li>\n<\/ul>\n<p>[\/et_pb_text][\/et_pb_column][et_pb_column type=&#8220;1_2&#8243; _builder_version=&#8220;3.25&#8243; custom_padding=&#8220;|||&#8220; global_colors_info=&#8220;{}&#8220; custom_padding__hover=&#8220;|||&#8220;][et_pb_text _builder_version=&#8220;3.27.4&#8243; text_font=&#8220;NeoSans Regular||||||||&#8220; ul_font=&#8220;||||||||&#8220; global_colors_info=&#8220;{}&#8220;]<span style=\"color: #a82b38;\"><strong>FREZADORA<\/strong><\/span><\/p>\n<ul>\n<li>frezadora CNC PARPAS<\/li>\n<li>frezadora vertical LAGUN MOD.FTV-2 (2x)<\/li>\n<li>frezadora convencional KONDIA F.V.1<\/li>\n<li>frezadora convencional WERNER FK 22<\/li>\n<li>frezadora JUARISTI<\/li>\n<li>frezadora MICROSTR<\/li>\n<\/ul>\n<p>&nbsp;<\/p>\n<p><span style=\"color: #a82b38;\"><strong>FURADORA<\/strong><\/span><\/p>\n<ul>\n<li>furadora WOTAN<\/li>\n<li>furadora\u00a0 IBARMIA<\/li>\n<li>furadora RADIAL FM MOD.FRD-1700H<\/li>\n<li>furadora MICROSTR203040<\/li>\n<\/ul>\n<p>&nbsp;<\/p>\n<p><span style=\"color: #a82b38;\"><strong>PRENSA DE AJUSTAR MOLDES<\/strong><\/span><\/p>\n<ul>\n<li>prensa de ajustar moldes MILLUTENSIL<\/li>\n<li>prensa de ajustar moldes MILLUTENSIL MIL-143 (250 TON.)<\/li>\n<\/ul>\n<p>&nbsp;<\/p>\n<p><span style=\"color: #a82b38;\"><strong>PONTE ROLANTE<\/strong><\/span><\/p>\n<ul>\n<li>ponte rolante 2 TONELADAS (4x)<\/li>\n<li>ponte rolante 3,2 TONELADAS<\/li>\n<li>ponte rolante 5 TONELADAS<\/li>\n<li>ponte rolante 16 TONELADAS<\/li>\n<\/ul>\n<p>&nbsp;<\/p>\n<p><span style=\"color: #a82b38;\"><strong>RETIFICADORA<\/strong><\/span><\/p>\n<ul>\n<li>retificadora ABBA<\/li>\n<li>retificadora GER RS 65\/60<\/li>\n<li>retificadora HIDRO PRECIS<\/li>\n<li>retificadora KENT KG 61650<\/li>\n<li>retificadora OKAMOTO 350<\/li>\n<li>retificadora KENT &#8211; KGS-715WM1<\/li>\n<li>retificadora CHEVALIER MOD.FSG-618M\u00a0(2x)<\/li>\n<li>retificadora JOERLIN MOD.JL 818<\/li>\n<\/ul>\n<p>&nbsp;<\/p>\n<p><span style=\"color: #a82b38;\"><strong>OUTROS<\/strong><\/span><\/p>\n<ul>\n<li>torno UNIVERSAL TOS<\/li>\n<li>bra\u00e7o port\u00e1til de medi\u00e7\u00e3o FARO MODELO GAGE 6 EIXOS<\/li>\n<li>m\u00e1quina de medi\u00e7\u00e3o 3D ABERLINK<\/li>\n<\/ul>\n<p>[\/et_pb_text][\/et_pb_column][\/et_pb_row][\/et_pb_section][et_pb_section fb_built=&#8220;1&#8243; _builder_version=&#8220;3.22&#8243; background_color=&#8220;#000000&#8243; custom_padding=&#8220;29px|0px|20px|0px&#8220; global_colors_info=&#8220;{}&#8220;][et_pb_row column_structure=&#8220;1_4,1_4,1_4,1_4&#8243; use_custom_gutter=&#8220;on&#8220; gutter_width=&#8220;2&#8243; module_class=&#8220; et_pb_row_fullwidth&#8220; _builder_version=&#8220;3.25&#8243; width=&#8220;94%&#8220; width_tablet=&#8220;80%&#8220; width_phone=&#8220;80%&#8220; width_last_edited=&#8220;on|desktop&#8220; max_width=&#8220;94%&#8220; max_width_tablet=&#8220;80%&#8220; max_width_phone=&#8220;80%&#8220; max_width_last_edited=&#8220;on|desktop&#8220; custom_padding=&#8220;0px|0px|28.5px|0px&#8220; make_fullwidth=&#8220;on&#8220; global_colors_info=&#8220;{}&#8220;][et_pb_column type=&#8220;1_4&#8243; _builder_version=&#8220;3.25&#8243; custom_padding=&#8220;|||&#8220; global_colors_info=&#8220;{}&#8220; custom_padding__hover=&#8220;|||&#8220;][\/et_pb_column][et_pb_column type=&#8220;1_4&#8243; _builder_version=&#8220;3.25&#8243; custom_padding=&#8220;|||&#8220; global_colors_info=&#8220;{}&#8220; custom_padding__hover=&#8220;|||&#8220;][\/et_pb_column][et_pb_column type=&#8220;1_4&#8243; _builder_version=&#8220;3.25&#8243; custom_padding=&#8220;|||&#8220; global_colors_info=&#8220;{}&#8220; custom_padding__hover=&#8220;|||&#8220;][et_pb_image src=&#8220;https:\/\/imtec-moldes.com\/wp-content\/uploads\/2018\/01\/POCentro_PT2020_FEDER_Branco_Bom.png&#8220; url=&#8220;\/?page_id=246&#8243; align_tablet=&#8220;center&#8220; align_phone=&#8220;center&#8220; align_last_edited=&#8220;on|desktop&#8220; _builder_version=&#8220;3.23&#8243; global_colors_info=&#8220;{}&#8220;][\/et_pb_image][\/et_pb_column][et_pb_column type=&#8220;1_4&#8243; _builder_version=&#8220;3.25&#8243; custom_padding=&#8220;|||&#8220; global_colors_info=&#8220;{}&#8220; custom_padding__hover=&#8220;|||&#8220;][et_pb_image src=&#8220;http:\/\/imtec-moldes.com\/wp-content\/uploads\/2024\/08\/barra-compete2020-PT2020-FEEI.png&#8220; title_text=&#8220;barra-compete2020-PT2020-FEEI&#8220; url=&#8220;http:\/\/imtec-moldes.com\/wp-content\/uploads\/2024\/08\/Ficha-de-projeto_17318-INOV-Atualizada.pdf&#8220; url_new_window=&#8220;on&#8220; align_tablet=&#8220;center&#8220; align_phone=&#8220;center&#8220; align_last_edited=&#8220;on|desktop&#8220; admin_label=&#8220;Logos Compete 2020&#8243; _builder_version=&#8220;4.13.0&#8243; saved_tabs=&#8220;all&#8220; global_colors_info=&#8220;{}&#8220; global_module=&#8220;1130&#8243; theme_builder_area=&#8220;post_content&#8220;][\/et_pb_image][\/et_pb_column][\/et_pb_row][\/et_pb_section]<\/p>\n","protected":false},"excerpt":{"rendered":"<p>&nbsp; &nbsp; Bitte dr\u00fccken Sie die Taste um unsere Maschinenpark anzuschauen CENTRO MAQUINA\u00c7\u00c3O centro maquina\u00e7\u00e3o BRIDGEPORT VMC 1000\/22 (3x) centro maquina\u00e7\u00e3o CHEVALIER VMC 3060 centro maquina\u00e7\u00e3o EUMACH V32 centro maquina\u00e7\u00e3o JOHNFORD SV45 centro maquina\u00e7\u00e3o JOHNFORD VMC850 centro maquina\u00e7\u00e3o KAO MING KMC2000SD centro maquina\u00e7\u00e3o LAGUN 1200\/1700 centro maquina\u00e7\u00e3o LEADWELL MOD.V60 centro maquina\u00e7\u00e3o MAZAK 1000\/600 centro maquina\u00e7\u00e3o [&hellip;]<\/p>\n","protected":false},"author":1,"featured_media":0,"parent":0,"menu_order":0,"comment_status":"closed","ping_status":"closed","template":"","meta":{"_et_pb_use_builder":"on","_et_pb_old_content":"","_et_gb_content_width":""},"_links":{"self":[{"href":"https:\/\/imtec-moldes.com\/de\/wp-json\/wp\/v2\/pages\/644\/"}],"collection":[{"href":"https:\/\/imtec-moldes.com\/de\/wp-json\/wp\/v2\/pages\/"}],"about":[{"href":"https:\/\/imtec-moldes.com\/de\/wp-json\/wp\/v2\/types\/page\/"}],"author":[{"embeddable":true,"href":"https:\/\/imtec-moldes.com\/de\/wp-json\/wp\/v2\/users\/1\/"}],"replies":[{"embeddable":true,"href":"https:\/\/imtec-moldes.com\/de\/wp-json\/wp\/v2\/comments\/?post=644"}],"version-history":[{"count":6,"href":"https:\/\/imtec-moldes.com\/de\/wp-json\/wp\/v2\/pages\/644\/revisions\/"}],"predecessor-version":[{"id":1183,"href":"https:\/\/imtec-moldes.com\/de\/wp-json\/wp\/v2\/pages\/644\/revisions\/1183\/"}],"wp:attachment":[{"href":"https:\/\/imtec-moldes.com\/de\/wp-json\/wp\/v2\/media\/?parent=644"}],"curies":[{"name":"wp","href":"https:\/\/api.w.org\/{rel}","templated":true}]}}